{"id":13,"date":"2010-11-08T16:55:52","date_gmt":"2010-11-08T15:55:52","guid":{"rendered":"http:\/\/www.jeancharlespichon.com\/wp\/?page_id=13"},"modified":"2021-10-15T15:44:43","modified_gmt":"2021-10-15T13:44:43","slug":"editorial","status":"publish","type":"page","link":"https:\/\/www.jeancharlespichon.com\/wp\/","title":{"rendered":"Bienvenue"},"content":{"rendered":"<h2 style=\"text-align: center;\"><span style=\"color: #993300;\"><strong>\u00a0<\/strong><\/span><\/h2>\n<p style=\"text-align: justify;\"><strong>\u00ab\u00a0Le repos et la joie du cr\u00e9ateur ont besoin de mots. Le verbe est \u00e0 l&rsquo;artiste ce qu&rsquo;est la quinine au fi\u00e9vreux. Il arrive un moment, toujours, o\u00f9 l&rsquo;homme qui se croit le don d&rsquo;\u00e9crire ne peut plus vivre sinon. Et ce n&rsquo;est pas, comme il se l&rsquo;imaginait au temps de l&rsquo;orgueil, parce qu&rsquo;il est agr\u00e9able de conter des histoires ou profitable \u00e0 quelque renomm\u00e9e. C&rsquo;est parce que, hors de l&rsquo;\u00e9criture, rien ne lui semble valoir d&rsquo;\u00eatre v\u00e9cu.\u00a0\u00bb Jean-Charles Pichon, <em>Un homme en creux<\/em>, Stock.<\/strong><\/p>\n<p><iframe loading=\"lazy\" title=\"Naissance d&#039;un \u00e9crivain\" frameborder=\"0\" width=\"640\" height=\"480\" src=\"https:\/\/geo.dailymotion.com\/player.html?video=xfpc9u&#038;\" allowfullscreen allow=\"autoplay; fullscreen; picture-in-picture; web-share\"><\/iframe><\/p>\n<h3 style=\"text-align: justify;\"><strong>Des documents, des t\u00e9moignages et des r\u00e9flexions pour vous permettre d&rsquo;appr\u00e9hender l&rsquo;\u0153uvre et la pens\u00e9e de Jean-Charles Pichon&#8230;<\/strong><\/h3>\n<p style=\"text-align: justify;\">____________________________________________________________<\/p>\n<p style=\"text-align: left;\"><strong><em>Administration du site :\u00a0 Julien et Pierre-Jean Debenat<\/em><\/strong><\/p>\n<p style=\"text-align: left;\">______________________________________________________________<\/p>\n<p style=\"text-align: left;\"><strong>Le site des \u00e9ditions L&rsquo;Erudit a publi\u00e9 un texte de Jean-Charles Pichon : \u00ab\u00a0Vie et mort des structures mythiques\u00a0\u00bb. Vous pouvez le consulter \u00e0 cette adresse :<\/strong><\/p>\n<p><a href=\"https:\/\/www.erudit.org\/fr\/revues\/liberte\/1973-v15-n3-4-liberte1028886\/30357ac.pdf\">https:\/\/www.erudit.org\/fr\/revues\/liberte\/1973-v15-n3-4-liberte1028886\/30357ac.pdf<\/a><\/p>\n<h2 style=\"text-align: center;\"><\/h2>\n<p>______________________________________________________________<\/p>\n<h3 style=\"text-align: center;\"><span style=\"color: #0000ff;\">Pour trouver les articles contenant un document sonore, tapez \u00ab\u00a0audio\u00a0\u00bb dans la fen\u00eatre de Recherche.<\/span><\/h3>\n<p>______________________________________________________________<\/p>\n<p>Sur Wikipedia, un article sur la vie et l&rsquo;\u0153uvre de Jean-Charles Pichon, \u00e9crit<\/p>\n<p>par sa fille a\u00een\u00e9e. <a href=\"http:\/\/fr.wikipedia.org\/wiki\/Jean-Charles_Pichon\" target=\"_blank\" rel=\"noopener noreferrer\">http:\/\/fr.wikipedia.org\/wiki\/Jean-Charles_Pichon<\/a><\/p>\n<p>Vous y trouverez, entre autres informations, une <strong>bibliographie<\/strong> compl\u00e8te.<\/p>\n<div id=\"attachment_1351\" style=\"width: 279px\" class=\"wp-caption aligncenter\"><a href=\"http:\/\/www.jeancharlespichon.com\/wp\/wp-content\/uploads\/2012\/03\/JC-1983.jpg\"><img loading=\"lazy\" decoding=\"async\" aria-describedby=\"caption-attachment-1351\" class=\" wp-image-1351\" src=\"http:\/\/www.jeancharlespichon.com\/wp\/wp-content\/uploads\/2012\/03\/JC-1983.jpg\" alt=\"Illustration Pierre-Jean Debenat\" width=\"269\" height=\"202\" srcset=\"https:\/\/www.jeancharlespichon.com\/wp\/wp-content\/uploads\/2012\/03\/JC-1983.jpg 781w, https:\/\/www.jeancharlespichon.com\/wp\/wp-content\/uploads\/2012\/03\/JC-1983-300x225.jpg 300w\" sizes=\"auto, (max-width: 269px) 100vw, 269px\" \/><\/a><p id=\"caption-attachment-1351\" class=\"wp-caption-text\">Illustration Pierre-Jean Debenat<\/p><\/div>\n<p style=\"text-align: justify;\"><strong>\u00ab\u00a0Toute civilisation mat\u00e9rialiste pr\u00e9sente les caract\u00e8res suivants : la peur de la mort et le triomphe du m\u00e9decin, la peur de manquer et une consommation accrue, la peur de l&rsquo;immobilit\u00e9 et l&rsquo;av\u00e8nement de la vitesse, la peur de la nuit et le culte de la lumi\u00e8re.\u00a0\u00bb Jean-Charles Pichon<\/strong><\/p>\n","protected":false},"excerpt":{"rendered":"<p>\u00a0 \u00ab\u00a0Le repos et la joie du cr\u00e9ateur ont besoin de mots. Le verbe est \u00e0 l&rsquo;artiste ce qu&rsquo;est la quinine au fi\u00e9vreux. Il arrive un moment, toujours, o\u00f9 l&rsquo;homme qui se croit le don d&rsquo;\u00e9crire ne peut plus vivre &hellip; <a href=\"https:\/\/www.jeancharlespichon.com\/wp\/\">Continuer la lecture <span class=\"meta-nav\">&rarr;<\/span><\/a><\/p>\n","protected":false},"author":1,"featured_media":0,"parent":0,"menu_order":0,"comment_status":"closed","ping_status":"open","template":"","meta":{"footnotes":""},"class_list":["post-13","page","type-page","status-publish","hentry"],"_links":{"self":[{"href":"https:\/\/www.jeancharlespichon.com\/wp\/index.php?rest_route=\/wp\/v2\/pages\/13","targetHints":{"allow":["GET"]}}],"collection":[{"href":"https:\/\/www.jeancharlespichon.com\/wp\/index.php?rest_route=\/wp\/v2\/pages"}],"about":[{"href":"https:\/\/www.jeancharlespichon.com\/wp\/index.php?rest_route=\/wp\/v2\/types\/page"}],"author":[{"embeddable":true,"href":"https:\/\/www.jeancharlespichon.com\/wp\/index.php?rest_route=\/wp\/v2\/users\/1"}],"replies":[{"embeddable":true,"href":"https:\/\/www.jeancharlespichon.com\/wp\/index.php?rest_route=%2Fwp%2Fv2%2Fcomments&post=13"}],"version-history":[{"count":201,"href":"https:\/\/www.jeancharlespichon.com\/wp\/index.php?rest_route=\/wp\/v2\/pages\/13\/revisions"}],"predecessor-version":[{"id":3378,"href":"https:\/\/www.jeancharlespichon.com\/wp\/index.php?rest_route=\/wp\/v2\/pages\/13\/revisions\/3378"}],"wp:attachment":[{"href":"https:\/\/www.jeancharlespichon.com\/wp\/index.php?rest_route=%2Fwp%2Fv2%2Fmedia&parent=13"}],"curies":[{"name":"wp","href":"https:\/\/api.w.org\/{rel}","templated":true}]}}